{"id":2,"date":"2014-10-13T21:11:19","date_gmt":"2014-10-13T21:11:19","guid":{"rendered":"http:\/\/haargefuehle.de\/wp\/?page_id=2"},"modified":"2021-04-15T12:06:41","modified_gmt":"2021-04-15T10:06:41","slug":"beispiel-seite","status":"publish","type":"page","link":"https:\/\/haargefuehle.de\/","title":{"rendered":"Willkommen"},"content":{"rendered":"<div class=\"entry-content\" itemprop=\"text\">\n<p><!--\n\n\n<div style=\"border: 10px solid red; padding: 20px; text-align: center;\">\n\n<span data-mce-type=\"bookmark\" style=\"display: inline-block; width: 0px; overflow: hidden; line-height: 0;\" class=\"mce_SELRES_start\"><\/span>\n\n\n<h2>!!!!! INFORMATION !!!!!<\/h2>\n\n\nLiebe Kundschaft\n\n\n<p style=\"text-align: center;\">Wir freuen uns Sie ab dem <strong>04. Mai 2020<\/strong> wieder bedienen zu d\u00fcrfen.<\/p>\n\n\n\n\n<p style=\"text-align: center;\">Unser Salon wird zun\u00e4chst erweiterte \u00d6ffnungszeiten anbieten\num sicherzustellen, dass so wenig wie m\u00f6glich gleichzeitige Kontakte entstehen.\n\n\n\n<p style=\"text-align: center;\">Wir sind f\u00fcr Sie vorerst von Montag bis Samstag t\u00e4tig.\nF\u00fcr Terminvereinbarungen bitten wir um telefonische Abstimmung.\n\n\n\n<p style=\"text-align: center;\"><strong>Weiterhin bitten wir um Beachtung folgender Regeln:<\/strong><\/p>\n\n\n\n\n\n<ol>\n \t\n\n<li>Ohne vereinbarte Termin erfolgt derzeitig keine Bedienung<\/li>\n\n\n \t\n\n<li>Jeder Kunde hat bitte einen Mundschutz mitzubringen und zu tragen<\/li>\n\n\n \t\n\n<li>Die H\u00e4nde sind nach Betreten des Salons zu desinfizieren. (Desinfektionsmittel steht zur Verf\u00fcgung)<\/li>\n\n\n \t\n\n<li>Es ist nur jeder 2. Platz zu besetzen<\/li>\n\n\n \t\n\n<li>Wimpern,- und Augenbrauenf\u00e4rben sowie Bartpflege und Trockenschnitte werden aktuell nicht angeboten<\/li>\n\n\n<\/ol>\n\n\n<\/div>\n\n\n--><br \/>\n<!--sidebar location ausgeschalten --><\/p>\n<div style=\"background: #434b4d; color: #fff; padding: 30px;\">\n<h4 style=\"color: #fff;\">Willkommen im Salon Haargef\u00fchle<\/h4>\n<p>nach einer Gesch\u00e4fts\u00fcbernahme, dem Entwickeln eines neuen Erscheinungsbildes<br \/>\nund einigen Umbauma\u00dfnahmen im und am Salon, haben wir auch unser Angebot f\u00fcr Sie renoviert.<br \/>\n&#8222;Lassen Sie sich verw\u00f6hnen&#8220; &#8211; unsere Ma\u00dfgabe f\u00fcr den zufrieden Kunden.<\/p>\n<h4>Unsere Leistungen:<\/h4>\n<ul>\n<li>individuelle Typberatung<\/li>\n<li>Pflegetipps<\/li>\n<li>Haar- und Kopfhautpflege<\/li>\n<li>Farben \/ Colorationen<\/li>\n<li>trendige Umformungen<\/li>\n<li>Hochsteckfrisuren<\/li>\n<li>Festfrisuren<\/li>\n<li>Hochwertige Pflege- und Stylingprodukte<\/li>\n<\/ul>\n<p>u.v.m.<\/p>\n<p>Wussten Sie schon? Unser Verw\u00f6hnprogramm gibt es auch zum verschenken.<br \/>\nErkundigen Sie sich nach unseren individuellen Gutscheinen.<\/p>\n<p>Wir freuen uns schon jetzt auf Ihren Besuch im Salon.<\/p>\n<\/div>\n<p>&nbsp;<\/p>\n<p><!--\n\n\n<h4>UNSERE NEUIGKEITEN F\u00dcR SIE IM \u00dcBERBLICK<\/h4>\n\n\n[su_posts tax_operator=\"0\" order=\"desc\"]--><\/p>\n\n<\/div>\n","protected":false},"excerpt":{"rendered":"<div class=\"entry-summary\" itemprop=\"text\">\n<p>Willkommen im Salon Haargef\u00fchle nach einer Gesch\u00e4fts\u00fcbernahme, dem Entwickeln eines neuen Erscheinungsbildes und einigen Umbauma\u00dfnahmen im und am Salon, haben wir auch unser Angebot f\u00fcr Sie renoviert. &#8222;Lassen Sie sich verw\u00f6hnen&#8220; &#8211; unsere Ma\u00dfgabe f\u00fcr den zufrieden Kunden. Unsere Leistungen: individuelle Typberatung Pflegetipps Haar- und Kopfhautpflege Farben \/ Colorationen trendige Umformungen Hochsteckfrisuren Festfrisuren Hochwertige Pflege- &#8230;<\/p>\n\n<\/div>\n","protected":false},"author":1,"featured_media":0,"parent":0,"menu_order":0,"comment_status":"open","ping_status":"open","template":"","meta":[],"_links":{"self":[{"href":"https:\/\/haargefuehle.de\/index.php?rest_route=\/wp\/v2\/pages\/2"}],"collection":[{"href":"https:\/\/haargefuehle.de\/index.php?rest_route=\/wp\/v2\/pages"}],"about":[{"href":"https:\/\/haargefuehle.de\/index.php?rest_route=\/wp\/v2\/types\/page"}],"author":[{"embeddable":true,"href":"https:\/\/haargefuehle.de\/index.php?rest_route=\/wp\/v2\/users\/1"}],"replies":[{"embeddable":true,"href":"https:\/\/haargefuehle.de\/index.php?rest_route=%2Fwp%2Fv2%2Fcomments&post=2"}],"version-history":[{"count":29,"href":"https:\/\/haargefuehle.de\/index.php?rest_route=\/wp\/v2\/pages\/2\/revisions"}],"predecessor-version":[{"id":79,"href":"https:\/\/haargefuehle.de\/index.php?rest_route=\/wp\/v2\/pages\/2\/revisions\/79"}],"wp:attachment":[{"href":"https:\/\/haargefuehle.de\/index.php?rest_route=%2Fwp%2Fv2%2Fmedia&parent=2"}],"curies":[{"name":"wp","href":"https:\/\/api.w.org\/{rel}","templated":true}]}}